{"id":145,"date":"2021-08-24T22:10:39","date_gmt":"2021-08-24T20:10:39","guid":{"rendered":"https:\/\/holly-it.de\/?page_id=145"},"modified":"2026-02-07T20:17:38","modified_gmt":"2026-02-07T19:17:38","slug":"leistungen","status":"publish","type":"page","link":"https:\/\/holly-it.de\/?page_id=145","title":{"rendered":"Leistungen"},"content":{"rendered":"\n<div class=\"wp-block-columns is-layout-flex wp-container-core-columns-is-layout-8f761849 wp-block-columns-is-layout-flex\">\n<div class=\"wp-block-column is-layout-flow wp-block-column-is-layout-flow\" style=\"flex-basis:33.33%\">\n<figure class=\"wp-block-image size-large\"><img loading=\"lazy\" decoding=\"async\" width=\"1024\" height=\"683\" src=\"https:\/\/holly-it.de\/wp-content\/uploads\/2021\/08\/startup-594090_1920-1024x683.jpg\" alt=\"\" class=\"wp-image-153\" srcset=\"https:\/\/holly-it.de\/wp-content\/uploads\/2021\/08\/startup-594090_1920-1024x683.jpg 1024w, https:\/\/holly-it.de\/wp-content\/uploads\/2021\/08\/startup-594090_1920-300x200.jpg 300w, https:\/\/holly-it.de\/wp-content\/uploads\/2021\/08\/startup-594090_1920-768x512.jpg 768w, https:\/\/holly-it.de\/wp-content\/uploads\/2021\/08\/startup-594090_1920-1536x1024.jpg 1536w, https:\/\/holly-it.de\/wp-content\/uploads\/2021\/08\/startup-594090_1920.jpg 1920w\" sizes=\"auto, (max-width: 706px) 89vw, (max-width: 767px) 82vw, 740px\" \/><\/figure>\n<\/div>\n\n\n\n<div class=\"wp-block-column is-layout-flow wp-block-column-is-layout-flow\" style=\"flex-basis:66.66%\">\n<p class=\"has-text-align-left wp-block-paragraph\"><strong>Beratung<\/strong><\/p>\n\n\n\n<p class=\"wp-block-paragraph\">In pers\u00f6nlichen Gespr\u00e4chen wird Ihr Anliegen analysiert und darauf abgezielte, optimale L\u00f6sungsans\u00e4tze f\u00fcr Ihre Gegebenheiten definiert.<\/p>\n<\/div>\n<\/div>\n\n\n\n<div style=\"height:25px\" aria-hidden=\"true\" class=\"wp-block-spacer\"><\/div>\n\n\n\n<hr class=\"wp-block-separator is-style-wide\"\/>\n\n\n\n<div style=\"height:25px\" aria-hidden=\"true\" class=\"wp-block-spacer\"><\/div>\n\n\n\n<div class=\"wp-block-columns is-layout-flex wp-container-core-columns-is-layout-8f761849 wp-block-columns-is-layout-flex\">\n<div class=\"wp-block-column is-layout-flow wp-block-column-is-layout-flow\" style=\"flex-basis:66.66%\">\n<p class=\"wp-block-paragraph\"><strong>Entwicklung<\/strong><\/p>\n\n\n\n<p class=\"wp-block-paragraph\">Optimale L\u00f6sungsans\u00e4tze erfordern meistens auch individuelle Entwicklungen. Von Website-Gestaltungen bis hin zur Programm-Entwicklung bietet Ihnen &#8218;Holly IT&#8216; ein breites Portfolio von individuellen L\u00f6sungen an.<\/p>\n<\/div>\n\n\n\n<div class=\"wp-block-column is-layout-flow wp-block-column-is-layout-flow\" style=\"flex-basis:33.33%\">\n<figure class=\"wp-block-image size-large\"><img loading=\"lazy\" decoding=\"async\" width=\"1024\" height=\"683\" src=\"https:\/\/holly-it.de\/wp-content\/uploads\/2021\/08\/laptop-2620118_1920-1024x683.jpg\" alt=\"\" class=\"wp-image-154\" srcset=\"https:\/\/holly-it.de\/wp-content\/uploads\/2021\/08\/laptop-2620118_1920-1024x683.jpg 1024w, https:\/\/holly-it.de\/wp-content\/uploads\/2021\/08\/laptop-2620118_1920-300x200.jpg 300w, https:\/\/holly-it.de\/wp-content\/uploads\/2021\/08\/laptop-2620118_1920-768x512.jpg 768w, https:\/\/holly-it.de\/wp-content\/uploads\/2021\/08\/laptop-2620118_1920-1536x1024.jpg 1536w, https:\/\/holly-it.de\/wp-content\/uploads\/2021\/08\/laptop-2620118_1920.jpg 1920w\" sizes=\"auto, (max-width: 706px) 89vw, (max-width: 767px) 82vw, 740px\" \/><\/figure>\n<\/div>\n<\/div>\n\n\n\n<div style=\"height:25px\" aria-hidden=\"true\" class=\"wp-block-spacer\"><\/div>\n\n\n\n<hr class=\"wp-block-separator is-style-wide\"\/>\n\n\n\n<div style=\"height:25px\" aria-hidden=\"true\" class=\"wp-block-spacer\"><\/div>\n\n\n\n<div class=\"wp-block-columns is-layout-flex wp-container-core-columns-is-layout-8f761849 wp-block-columns-is-layout-flex\">\n<div class=\"wp-block-column is-layout-flow wp-block-column-is-layout-flow\" style=\"flex-basis:33.33%\">\n<figure class=\"wp-block-image size-large\"><img loading=\"lazy\" decoding=\"async\" width=\"1024\" height=\"683\" src=\"https:\/\/holly-it.de\/wp-content\/uploads\/2021\/08\/businessman-2108029_1920-1024x683.jpg\" alt=\"\" class=\"wp-image-160\" srcset=\"https:\/\/holly-it.de\/wp-content\/uploads\/2021\/08\/businessman-2108029_1920-1024x683.jpg 1024w, https:\/\/holly-it.de\/wp-content\/uploads\/2021\/08\/businessman-2108029_1920-300x200.jpg 300w, https:\/\/holly-it.de\/wp-content\/uploads\/2021\/08\/businessman-2108029_1920-768x512.jpg 768w, https:\/\/holly-it.de\/wp-content\/uploads\/2021\/08\/businessman-2108029_1920-1536x1024.jpg 1536w, https:\/\/holly-it.de\/wp-content\/uploads\/2021\/08\/businessman-2108029_1920.jpg 1920w\" sizes=\"auto, (max-width: 706px) 89vw, (max-width: 767px) 82vw, 740px\" \/><\/figure>\n<\/div>\n\n\n\n<div class=\"wp-block-column is-layout-flow wp-block-column-is-layout-flow\" style=\"flex-basis:66.66%\">\n<p class=\"wp-block-paragraph\"><strong>Bereitstellung<\/strong><\/p>\n\n\n\n<p class=\"wp-block-paragraph\">Gerne wird die Hard- und Software bei Ihnen vor Ort installiert und gemeinsame in Betrieb genommen. Dazu empfiehlt sich meistens auch eine Einf\u00fchrungs-Schulung in die neue L\u00f6sung, das neue Ger\u00e4t und\/oder die neue Software.<\/p>\n<\/div>\n<\/div>\n\n\n\n<div style=\"height:25px\" aria-hidden=\"true\" class=\"wp-block-spacer\"><\/div>\n\n\n\n<hr class=\"wp-block-separator is-style-wide\"\/>\n\n\n\n<div style=\"height:25px\" aria-hidden=\"true\" class=\"wp-block-spacer\"><\/div>\n\n\n\n<div class=\"wp-block-columns is-layout-flex wp-container-core-columns-is-layout-8f761849 wp-block-columns-is-layout-flex\">\n<div class=\"wp-block-column is-layout-flow wp-block-column-is-layout-flow\" style=\"flex-basis:66.66%\">\n<p class=\"wp-block-paragraph\"><strong>Betreuung<\/strong><\/p>\n\n\n\n<p class=\"wp-block-paragraph\">Fragen und Probleme kommen selbst bei den besten Systemen und Produkten vor. Daher bietet Ihnen &#8218;Holly IT&#8216; \u00fcberdurchschnittliche Betreuung an. Und zwar orts- und zeitunabh\u00e4ngig.<\/p>\n<\/div>\n\n\n\n<div class=\"wp-block-column is-layout-flow wp-block-column-is-layout-flow\" style=\"flex-basis:33.33%\">\n<figure class=\"wp-block-image size-large\"><img loading=\"lazy\" decoding=\"async\" width=\"1024\" height=\"683\" src=\"https:\/\/holly-it.de\/wp-content\/uploads\/2021\/08\/technology-4256272_1920-1024x683.jpg\" alt=\"\" class=\"wp-image-161\" srcset=\"https:\/\/holly-it.de\/wp-content\/uploads\/2021\/08\/technology-4256272_1920-1024x683.jpg 1024w, https:\/\/holly-it.de\/wp-content\/uploads\/2021\/08\/technology-4256272_1920-300x200.jpg 300w, https:\/\/holly-it.de\/wp-content\/uploads\/2021\/08\/technology-4256272_1920-768x512.jpg 768w, https:\/\/holly-it.de\/wp-content\/uploads\/2021\/08\/technology-4256272_1920-1536x1025.jpg 1536w, https:\/\/holly-it.de\/wp-content\/uploads\/2021\/08\/technology-4256272_1920.jpg 1920w\" sizes=\"auto, (max-width: 706px) 89vw, (max-width: 767px) 82vw, 740px\" \/><\/figure>\n<\/div>\n<\/div>\n\n\n\n<div style=\"height:25px\" aria-hidden=\"true\" class=\"wp-block-spacer\"><\/div>\n\n\n\n<hr class=\"wp-block-separator is-style-wide\"\/>\n\n\n\n<div style=\"height:25px\" aria-hidden=\"true\" class=\"wp-block-spacer\"><\/div>\n\n\n\n<div class=\"wp-block-columns is-layout-flex wp-container-core-columns-is-layout-8f761849 wp-block-columns-is-layout-flex\">\n<div class=\"wp-block-column is-layout-flow wp-block-column-is-layout-flow\" style=\"flex-basis:33.33%\">\n<figure class=\"wp-block-image size-large\"><img loading=\"lazy\" decoding=\"async\" width=\"1024\" height=\"539\" src=\"https:\/\/holly-it.de\/wp-content\/uploads\/2021\/08\/puzzle-1713170_1920-1024x539.jpg\" alt=\"\" class=\"wp-image-166\" srcset=\"https:\/\/holly-it.de\/wp-content\/uploads\/2021\/08\/puzzle-1713170_1920-1024x539.jpg 1024w, https:\/\/holly-it.de\/wp-content\/uploads\/2021\/08\/puzzle-1713170_1920-300x158.jpg 300w, https:\/\/holly-it.de\/wp-content\/uploads\/2021\/08\/puzzle-1713170_1920-768x404.jpg 768w, https:\/\/holly-it.de\/wp-content\/uploads\/2021\/08\/puzzle-1713170_1920-1536x809.jpg 1536w, https:\/\/holly-it.de\/wp-content\/uploads\/2021\/08\/puzzle-1713170_1920.jpg 1920w\" sizes=\"auto, (max-width: 706px) 89vw, (max-width: 767px) 82vw, 740px\" \/><\/figure>\n<\/div>\n\n\n\n<div class=\"wp-block-column is-layout-flow wp-block-column-is-layout-flow\" style=\"flex-basis:66.66%\">\n<p class=\"wp-block-paragraph\"><strong>Individualit\u00e4t<\/strong><\/p>\n\n\n\n<p class=\"wp-block-paragraph\">Alle Leistungen k\u00f6nnen entweder in Kombination, aber auch einzeln in Anspruch genommen werden. Eine einfache Anfrage gen\u00fcgt!<\/p>\n<\/div>\n<\/div>\n","protected":false},"excerpt":{"rendered":"<p>Beratung In pers\u00f6nlichen Gespr\u00e4chen wird Ihr Anliegen analysiert und darauf abgezielte, optimale L\u00f6sungsans\u00e4tze f\u00fcr Ihre Gegebenheiten definiert. Entwicklung Optimale L\u00f6sungsans\u00e4tze erfordern meistens auch individuelle Entwicklungen. Von Website-Gestaltungen bis hin zur Programm-Entwicklung bietet Ihnen &#8218;Holly IT&#8216; ein breites Portfolio von individuellen L\u00f6sungen an. Bereitstellung Gerne wird die Hard- und Software bei Ihnen vor Ort installiert und &hellip; <\/p>\n<p class=\"link-more\"><a href=\"https:\/\/holly-it.de\/?page_id=145\" class=\"more-link\"><span class=\"screen-reader-text\">\u201eLeistungen\u201c <\/span>weiterlesen<\/a><\/p>\n","protected":false},"author":1,"featured_media":0,"parent":0,"menu_order":0,"comment_status":"closed","ping_status":"closed","template":"","meta":{"_crdt_document":"","footnotes":""},"class_list":["post-145","page","type-page","status-publish","hentry"],"_links":{"self":[{"href":"https:\/\/holly-it.de\/index.php?rest_route=\/wp\/v2\/pages\/145","targetHints":{"allow":["GET"]}}],"collection":[{"href":"https:\/\/holly-it.de\/index.php?rest_route=\/wp\/v2\/pages"}],"about":[{"href":"https:\/\/holly-it.de\/index.php?rest_route=\/wp\/v2\/types\/page"}],"author":[{"embeddable":true,"href":"https:\/\/holly-it.de\/index.php?rest_route=\/wp\/v2\/users\/1"}],"replies":[{"embeddable":true,"href":"https:\/\/holly-it.de\/index.php?rest_route=%2Fwp%2Fv2%2Fcomments&post=145"}],"version-history":[{"count":13,"href":"https:\/\/holly-it.de\/index.php?rest_route=\/wp\/v2\/pages\/145\/revisions"}],"predecessor-version":[{"id":247,"href":"https:\/\/holly-it.de\/index.php?rest_route=\/wp\/v2\/pages\/145\/revisions\/247"}],"wp:attachment":[{"href":"https:\/\/holly-it.de\/index.php?rest_route=%2Fwp%2Fv2%2Fmedia&parent=145"}],"curies":[{"name":"wp","href":"https:\/\/api.w.org\/{rel}","templated":true}]}}