{"id":202,"date":"2026-02-07T19:22:15","date_gmt":"2026-02-07T18:22:15","guid":{"rendered":"https:\/\/holly-it.de\/?page_id=202"},"modified":"2026-02-07T19:56:33","modified_gmt":"2026-02-07T18:56:33","slug":"herzlich-willkommen-espanol","status":"publish","type":"page","link":"https:\/\/holly-it.de\/?page_id=202&lang=es","title":{"rendered":"Bienvenidos"},"content":{"rendered":"\n<p class=\"wp-block-paragraph\">Holly IT ofrece asesoramiento e infraestructura para tecnolog\u00edas de la informaci\u00f3n en Coblenza y alrededores.<\/p>\n\n\n\n<p class=\"wp-block-paragraph\">Se especializa en:<br>\u2013 Asesoramiento en todos los \u00e1mbitos relacionados con las tecnolog\u00edas de la informaci\u00f3n.<br>\u2013 Suministro de infraestructura inform\u00e1tica.<br>\u2013 Puesta en marcha y mantenimiento de sistemas inform\u00e1ticos.<\/p>\n\n\n<div class=\"wp-block-image is-style-rounded\">\n<figure class=\"aligncenter\"><img loading=\"lazy\" decoding=\"async\" width=\"1024\" height=\"683\" src=\"https:\/\/holly-it.de\/wp-content\/uploads\/2021\/08\/office-1209640_1920-1024x683.jpg\" alt=\"\" class=\"wp-image-102\" srcset=\"https:\/\/holly-it.de\/wp-content\/uploads\/2021\/08\/office-1209640_1920-1024x683.jpg 1024w, https:\/\/holly-it.de\/wp-content\/uploads\/2021\/08\/office-1209640_1920-300x200.jpg 300w, https:\/\/holly-it.de\/wp-content\/uploads\/2021\/08\/office-1209640_1920-768x512.jpg 768w, https:\/\/holly-it.de\/wp-content\/uploads\/2021\/08\/office-1209640_1920-1536x1025.jpg 1536w, https:\/\/holly-it.de\/wp-content\/uploads\/2021\/08\/office-1209640_1920-1200x801.jpg 1200w, https:\/\/holly-it.de\/wp-content\/uploads\/2021\/08\/office-1209640_1920.jpg 1920w\" sizes=\"auto, (max-width: 706px) 89vw, (max-width: 767px) 82vw, 740px\" \/><\/figure>\n<\/div>","protected":false},"excerpt":{"rendered":"<p>Holly IT ofrece asesoramiento e infraestructura para tecnolog\u00edas de la informaci\u00f3n en Coblenza y alrededores. Se especializa en:\u2013 Asesoramiento en todos los \u00e1mbitos relacionados con las tecnolog\u00edas de la informaci\u00f3n.\u2013 Suministro de infraestructura inform\u00e1tica.\u2013 Puesta en marcha y mantenimiento de sistemas inform\u00e1ticos.<\/p>\n","protected":false},"author":1,"featured_media":0,"parent":0,"menu_order":0,"comment_status":"closed","ping_status":"closed","template":"","meta":{"_crdt_document":"","footnotes":""},"class_list":["post-202","page","type-page","status-publish","hentry"],"_links":{"self":[{"href":"https:\/\/holly-it.de\/index.php?rest_route=\/wp\/v2\/pages\/202","targetHints":{"allow":["GET"]}}],"collection":[{"href":"https:\/\/holly-it.de\/index.php?rest_route=\/wp\/v2\/pages"}],"about":[{"href":"https:\/\/holly-it.de\/index.php?rest_route=\/wp\/v2\/types\/page"}],"author":[{"embeddable":true,"href":"https:\/\/holly-it.de\/index.php?rest_route=\/wp\/v2\/users\/1"}],"replies":[{"embeddable":true,"href":"https:\/\/holly-it.de\/index.php?rest_route=%2Fwp%2Fv2%2Fcomments&post=202"}],"version-history":[{"count":1,"href":"https:\/\/holly-it.de\/index.php?rest_route=\/wp\/v2\/pages\/202\/revisions"}],"predecessor-version":[{"id":231,"href":"https:\/\/holly-it.de\/index.php?rest_route=\/wp\/v2\/pages\/202\/revisions\/231"}],"wp:attachment":[{"href":"https:\/\/holly-it.de\/index.php?rest_route=%2Fwp%2Fv2%2Fmedia&parent=202"}],"curies":[{"name":"wp","href":"https:\/\/api.w.org\/{rel}","templated":true}]}}