{"id":250,"date":"2026-02-07T20:23:22","date_gmt":"2026-02-07T19:23:22","guid":{"rendered":"https:\/\/holly-it.de\/?page_id=250"},"modified":"2026-02-07T20:23:23","modified_gmt":"2026-02-07T19:23:23","slug":"prestations","status":"publish","type":"page","link":"https:\/\/holly-it.de\/?page_id=250&lang=fr","title":{"rendered":"Prestations"},"content":{"rendered":"\n<div class=\"wp-block-columns is-layout-flex wp-container-core-columns-is-layout-8f761849 wp-block-columns-is-layout-flex\">\n<div class=\"wp-block-column is-layout-flow wp-block-column-is-layout-flow\" style=\"flex-basis:33.33%\">\n<figure class=\"wp-block-image size-large\"><img loading=\"lazy\" decoding=\"async\" width=\"1024\" height=\"683\" src=\"https:\/\/holly-it.de\/wp-content\/uploads\/2021\/08\/startup-594090_1920-1024x683.jpg\" alt=\"\" class=\"wp-image-153\" srcset=\"https:\/\/holly-it.de\/wp-content\/uploads\/2021\/08\/startup-594090_1920-1024x683.jpg 1024w, https:\/\/holly-it.de\/wp-content\/uploads\/2021\/08\/startup-594090_1920-300x200.jpg 300w, https:\/\/holly-it.de\/wp-content\/uploads\/2021\/08\/startup-594090_1920-768x512.jpg 768w, https:\/\/holly-it.de\/wp-content\/uploads\/2021\/08\/startup-594090_1920-1536x1024.jpg 1536w, https:\/\/holly-it.de\/wp-content\/uploads\/2021\/08\/startup-594090_1920.jpg 1920w\" sizes=\"auto, (max-width: 706px) 89vw, (max-width: 767px) 82vw, 740px\" \/><\/figure>\n<\/div>\n\n\n\n<div class=\"wp-block-column is-layout-flow wp-block-column-is-layout-flow\" style=\"flex-basis:66.66%\">\n<p class=\"has-text-align-left wp-block-paragraph\"><strong>Conseil<\/strong><\/p>\n\n\n\n<p class=\"wp-block-paragraph\">Au cours d&#8217;entretiens individuels, nous analysons votre demande et d\u00e9finissons des solutions optimales adapt\u00e9es \u00e0 votre situation.<\/p>\n<\/div>\n<\/div>\n\n\n\n<div style=\"height:25px\" aria-hidden=\"true\" class=\"wp-block-spacer\"><\/div>\n\n\n\n<hr class=\"wp-block-separator has-css-opacity is-style-wide\"\/>\n\n\n\n<div style=\"height:25px\" aria-hidden=\"true\" class=\"wp-block-spacer\"><\/div>\n\n\n\n<div class=\"wp-block-columns is-layout-flex wp-container-core-columns-is-layout-8f761849 wp-block-columns-is-layout-flex\">\n<div class=\"wp-block-column is-layout-flow wp-block-column-is-layout-flow\" style=\"flex-basis:66.66%\">\n<p class=\"wp-block-paragraph\"><strong>D\u00e9veloppement<\/strong><\/p>\n\n\n\n<p class=\"wp-block-paragraph\">Les solutions optimales n\u00e9cessitent g\u00e9n\u00e9ralement des d\u00e9veloppements personnalis\u00e9s. De la conception de sites web au d\u00e9veloppement de programmes, \u00ab Holly IT \u00bb vous propose un large \u00e9ventail de solutions personnalis\u00e9es.<\/p>\n<\/div>\n\n\n\n<div class=\"wp-block-column is-layout-flow wp-block-column-is-layout-flow\" style=\"flex-basis:33.33%\">\n<figure class=\"wp-block-image size-large\"><img loading=\"lazy\" decoding=\"async\" width=\"1024\" height=\"683\" src=\"https:\/\/holly-it.de\/wp-content\/uploads\/2021\/08\/laptop-2620118_1920-1024x683.jpg\" alt=\"\" class=\"wp-image-154\" srcset=\"https:\/\/holly-it.de\/wp-content\/uploads\/2021\/08\/laptop-2620118_1920-1024x683.jpg 1024w, https:\/\/holly-it.de\/wp-content\/uploads\/2021\/08\/laptop-2620118_1920-300x200.jpg 300w, https:\/\/holly-it.de\/wp-content\/uploads\/2021\/08\/laptop-2620118_1920-768x512.jpg 768w, https:\/\/holly-it.de\/wp-content\/uploads\/2021\/08\/laptop-2620118_1920-1536x1024.jpg 1536w, https:\/\/holly-it.de\/wp-content\/uploads\/2021\/08\/laptop-2620118_1920.jpg 1920w\" sizes=\"auto, (max-width: 706px) 89vw, (max-width: 767px) 82vw, 740px\" \/><\/figure>\n<\/div>\n<\/div>\n\n\n\n<div style=\"height:25px\" aria-hidden=\"true\" class=\"wp-block-spacer\"><\/div>\n\n\n\n<hr class=\"wp-block-separator has-css-opacity is-style-wide\"\/>\n\n\n\n<div style=\"height:25px\" aria-hidden=\"true\" class=\"wp-block-spacer\"><\/div>\n\n\n\n<div class=\"wp-block-columns is-layout-flex wp-container-core-columns-is-layout-8f761849 wp-block-columns-is-layout-flex\">\n<div class=\"wp-block-column is-layout-flow wp-block-column-is-layout-flow\" style=\"flex-basis:33.33%\">\n<figure class=\"wp-block-image size-large\"><img loading=\"lazy\" decoding=\"async\" width=\"1024\" height=\"683\" src=\"https:\/\/holly-it.de\/wp-content\/uploads\/2021\/08\/businessman-2108029_1920-1024x683.jpg\" alt=\"\" class=\"wp-image-160\" srcset=\"https:\/\/holly-it.de\/wp-content\/uploads\/2021\/08\/businessman-2108029_1920-1024x683.jpg 1024w, https:\/\/holly-it.de\/wp-content\/uploads\/2021\/08\/businessman-2108029_1920-300x200.jpg 300w, https:\/\/holly-it.de\/wp-content\/uploads\/2021\/08\/businessman-2108029_1920-768x512.jpg 768w, https:\/\/holly-it.de\/wp-content\/uploads\/2021\/08\/businessman-2108029_1920-1536x1024.jpg 1536w, https:\/\/holly-it.de\/wp-content\/uploads\/2021\/08\/businessman-2108029_1920.jpg 1920w\" sizes=\"auto, (max-width: 706px) 89vw, (max-width: 767px) 82vw, 740px\" \/><\/figure>\n<\/div>\n\n\n\n<div class=\"wp-block-column is-layout-flow wp-block-column-is-layout-flow\" style=\"flex-basis:66.66%\">\n<p class=\"wp-block-paragraph\"><strong>Mise \u00e0 disposition<\/strong><\/p>\n\n\n\n<p class=\"wp-block-paragraph\">Nous nous ferons un plaisir d&#8217;installer le mat\u00e9riel et les logiciels chez vous et de les mettre en service avec vous. \u00c0 cet effet, nous vous recommandons g\u00e9n\u00e9ralement de suivre une formation d&#8217;initiation \u00e0 la nouvelle solution, au nouvel appareil et\/ou au nouveau logiciel.<\/p>\n<\/div>\n<\/div>\n\n\n\n<div style=\"height:25px\" aria-hidden=\"true\" class=\"wp-block-spacer\"><\/div>\n\n\n\n<hr class=\"wp-block-separator has-css-opacity is-style-wide\"\/>\n\n\n\n<div style=\"height:25px\" aria-hidden=\"true\" class=\"wp-block-spacer\"><\/div>\n\n\n\n<div class=\"wp-block-columns is-layout-flex wp-container-core-columns-is-layout-8f761849 wp-block-columns-is-layout-flex\">\n<div class=\"wp-block-column is-layout-flow wp-block-column-is-layout-flow\" style=\"flex-basis:66.66%\">\n<p class=\"wp-block-paragraph\"><strong>Assistance<\/strong><\/p>\n\n\n\n<p class=\"wp-block-paragraph\">M\u00eame les meilleurs syst\u00e8mes et produits peuvent poser des questions et des probl\u00e8mes. C&#8217;est pourquoi \u00ab Holly IT \u00bb vous offre une assistance hors pair. Et ce, ind\u00e9pendamment du lieu et de l&#8217;heure.<\/p>\n<\/div>\n\n\n\n<div class=\"wp-block-column is-layout-flow wp-block-column-is-layout-flow\" style=\"flex-basis:33.33%\">\n<figure class=\"wp-block-image size-large\"><img loading=\"lazy\" decoding=\"async\" width=\"1024\" height=\"683\" src=\"https:\/\/holly-it.de\/wp-content\/uploads\/2021\/08\/technology-4256272_1920-1024x683.jpg\" alt=\"\" class=\"wp-image-161\" srcset=\"https:\/\/holly-it.de\/wp-content\/uploads\/2021\/08\/technology-4256272_1920-1024x683.jpg 1024w, https:\/\/holly-it.de\/wp-content\/uploads\/2021\/08\/technology-4256272_1920-300x200.jpg 300w, https:\/\/holly-it.de\/wp-content\/uploads\/2021\/08\/technology-4256272_1920-768x512.jpg 768w, https:\/\/holly-it.de\/wp-content\/uploads\/2021\/08\/technology-4256272_1920-1536x1025.jpg 1536w, https:\/\/holly-it.de\/wp-content\/uploads\/2021\/08\/technology-4256272_1920.jpg 1920w\" sizes=\"auto, (max-width: 706px) 89vw, (max-width: 767px) 82vw, 740px\" \/><\/figure>\n<\/div>\n<\/div>\n\n\n\n<div style=\"height:25px\" aria-hidden=\"true\" class=\"wp-block-spacer\"><\/div>\n\n\n\n<hr class=\"wp-block-separator has-css-opacity is-style-wide\"\/>\n\n\n\n<div style=\"height:25px\" aria-hidden=\"true\" class=\"wp-block-spacer\"><\/div>\n\n\n\n<div class=\"wp-block-columns is-layout-flex wp-container-core-columns-is-layout-8f761849 wp-block-columns-is-layout-flex\">\n<div class=\"wp-block-column is-layout-flow wp-block-column-is-layout-flow\" style=\"flex-basis:33.33%\">\n<figure class=\"wp-block-image size-large\"><img loading=\"lazy\" decoding=\"async\" width=\"1024\" height=\"539\" src=\"https:\/\/holly-it.de\/wp-content\/uploads\/2021\/08\/puzzle-1713170_1920-1024x539.jpg\" alt=\"\" class=\"wp-image-166\" srcset=\"https:\/\/holly-it.de\/wp-content\/uploads\/2021\/08\/puzzle-1713170_1920-1024x539.jpg 1024w, https:\/\/holly-it.de\/wp-content\/uploads\/2021\/08\/puzzle-1713170_1920-300x158.jpg 300w, https:\/\/holly-it.de\/wp-content\/uploads\/2021\/08\/puzzle-1713170_1920-768x404.jpg 768w, https:\/\/holly-it.de\/wp-content\/uploads\/2021\/08\/puzzle-1713170_1920-1536x809.jpg 1536w, https:\/\/holly-it.de\/wp-content\/uploads\/2021\/08\/puzzle-1713170_1920.jpg 1920w\" sizes=\"auto, (max-width: 706px) 89vw, (max-width: 767px) 82vw, 740px\" \/><\/figure>\n<\/div>\n\n\n\n<div class=\"wp-block-column is-layout-flow wp-block-column-is-layout-flow\" style=\"flex-basis:66.66%\">\n<p class=\"wp-block-paragraph\"><strong>Individualit\u00e9<\/strong><\/p>\n\n\n\n<p class=\"wp-block-paragraph\">Toutes les prestations peuvent \u00eatre combin\u00e9es ou utilis\u00e9es s\u00e9par\u00e9ment. Il suffit d&#8217;en faire la demande !<\/p>\n<\/div>\n<\/div>\n","protected":false},"excerpt":{"rendered":"<p>Conseil Au cours d&#8217;entretiens individuels, nous analysons votre demande et d\u00e9finissons des solutions optimales adapt\u00e9es \u00e0 votre situation. D\u00e9veloppement Les solutions optimales n\u00e9cessitent g\u00e9n\u00e9ralement des d\u00e9veloppements personnalis\u00e9s. De la conception de sites web au d\u00e9veloppement de programmes, \u00ab Holly IT \u00bb vous propose un large \u00e9ventail de solutions personnalis\u00e9es. Mise \u00e0 disposition Nous nous ferons &hellip; <\/p>\n<p class=\"link-more\"><a href=\"https:\/\/holly-it.de\/?page_id=250&#038;lang=fr\" class=\"more-link\"><span class=\"screen-reader-text\">\u201ePrestations\u201c <\/span>weiterlesen<\/a><\/p>\n","protected":false},"author":1,"featured_media":0,"parent":0,"menu_order":0,"comment_status":"closed","ping_status":"closed","template":"","meta":{"_crdt_document":"","footnotes":""},"class_list":["post-250","page","type-page","status-publish","hentry"],"_links":{"self":[{"href":"https:\/\/holly-it.de\/index.php?rest_route=\/wp\/v2\/pages\/250","targetHints":{"allow":["GET"]}}],"collection":[{"href":"https:\/\/holly-it.de\/index.php?rest_route=\/wp\/v2\/pages"}],"about":[{"href":"https:\/\/holly-it.de\/index.php?rest_route=\/wp\/v2\/types\/page"}],"author":[{"embeddable":true,"href":"https:\/\/holly-it.de\/index.php?rest_route=\/wp\/v2\/users\/1"}],"replies":[{"embeddable":true,"href":"https:\/\/holly-it.de\/index.php?rest_route=%2Fwp%2Fv2%2Fcomments&post=250"}],"version-history":[{"count":1,"href":"https:\/\/holly-it.de\/index.php?rest_route=\/wp\/v2\/pages\/250\/revisions"}],"predecessor-version":[{"id":251,"href":"https:\/\/holly-it.de\/index.php?rest_route=\/wp\/v2\/pages\/250\/revisions\/251"}],"wp:attachment":[{"href":"https:\/\/holly-it.de\/index.php?rest_route=%2Fwp%2Fv2%2Fmedia&parent=250"}],"curies":[{"name":"wp","href":"https:\/\/api.w.org\/{rel}","templated":true}]}}