{"id":287,"date":"2026-02-07T21:13:58","date_gmt":"2026-02-07T20:13:58","guid":{"rendered":"https:\/\/holly-it.de\/?page_id=287"},"modified":"2026-02-07T21:16:49","modified_gmt":"2026-02-07T20:16:49","slug":"aviso-legal","status":"publish","type":"page","link":"https:\/\/holly-it.de\/?page_id=287&lang=es","title":{"rendered":"Aviso legal"},"content":{"rendered":"\n<p class=\"wp-block-paragraph\"><strong>Informaci\u00f3n conforme al art\u00edculo 5 de la Ley alemana de medios telem\u00e1ticos (TMG)<\/strong><\/p>\n\n\n\n<div class=\"wp-block-group\"><div class=\"wp-block-group__inner-container is-layout-flow wp-block-group-is-layout-flow\">\n<p class=\"wp-block-paragraph\"><strong>Holly IT \u2013 Raimo Holly<\/strong><br>Wei\u00dfer Gasse 2a<br>56068 Koblenz<br>Alemania<\/p>\n\n\n\n<p class=\"wp-block-paragraph\">N.\u00ba de identificaci\u00f3n fiscal (USt-IdNr.): DE345689910<\/p>\n\n\n\n<div style=\"height:58px\" aria-hidden=\"true\" class=\"wp-block-spacer\"><\/div>\n\n\n\n<p class=\"wp-block-paragraph\"><\/p>\n<\/div><\/div>\n\n\n\n<p class=\"wp-block-paragraph\"><strong>Contacto<\/strong><\/p>\n\n\n\n<p class=\"wp-block-paragraph\">Tel\u00e9fono: +49 261 94250472<br>Fax: +49 261 92167540<br>Correo electr\u00f3nico: <a href=\"mailto:kontakt@holly-it.de\">kontakt@holly-it.de<\/a><\/p>\n\n\n\n<p class=\"wp-block-paragraph\"><\/p>\n\n\n\n<div style=\"height:58px\" aria-hidden=\"true\" class=\"wp-block-spacer\"><\/div>\n\n\n\n<p class=\"wp-block-paragraph\"><strong>Responsable del contenido editorial<\/strong><\/p>\n\n\n\n<p class=\"wp-block-paragraph\">Raimo Holly<\/p>\n\n\n\n<p class=\"wp-block-paragraph\"><\/p>\n\n\n\n<div style=\"height:73px\" aria-hidden=\"true\" class=\"wp-block-spacer\"><\/div>\n\n\n\n<p class=\"wp-block-paragraph\"><strong>Resoluci\u00f3n de litigios en l\u00ednea de la UE<\/strong><\/p>\n\n\n\n<p class=\"wp-block-paragraph\">La Comisi\u00f3n Europea ofrece una plataforma para la resoluci\u00f3n de litigios en l\u00ednea (ODR):<br><a href=\"https:\/\/ec.europa.eu\/consumers\/odr\/\">https:\/\/ec.europa.eu\/consumers\/odr\/<\/a><\/p>\n\n\n\n<p class=\"wp-block-paragraph\">Nuestra direcci\u00f3n de correo electr\u00f3nico se encuentra arriba, en este aviso legal.<\/p>\n\n\n\n<p class=\"wp-block-paragraph\"><\/p>\n\n\n\n<div style=\"height:83px\" aria-hidden=\"true\" class=\"wp-block-spacer\"><\/div>\n\n\n\n<p class=\"wp-block-paragraph\"><strong>Resoluci\u00f3n de litigios de consumo \/ Junta de arbitraje universal<\/strong><\/p>\n\n\n\n<p class=\"wp-block-paragraph\">No estamos dispuestos ni obligados a participar en procedimientos de resoluci\u00f3n de litigios ante una junta de arbitraje de consumo.<\/p>\n","protected":false},"excerpt":{"rendered":"<p>Informaci\u00f3n conforme al art\u00edculo 5 de la Ley alemana de medios telem\u00e1ticos (TMG) Holly IT \u2013 Raimo HollyWei\u00dfer Gasse 2a56068 KoblenzAlemania N.\u00ba de identificaci\u00f3n fiscal (USt-IdNr.): DE345689910 Contacto Tel\u00e9fono: +49 261 94250472Fax: +49 261 92167540Correo electr\u00f3nico: kontakt@holly-it.de Responsable del contenido editorial Raimo Holly Resoluci\u00f3n de litigios en l\u00ednea de la UE La Comisi\u00f3n Europea ofrece &hellip; <\/p>\n<p class=\"link-more\"><a href=\"https:\/\/holly-it.de\/?page_id=287&#038;lang=es\" class=\"more-link\"><span class=\"screen-reader-text\">\u201eAviso legal\u201c <\/span>weiterlesen<\/a><\/p>\n","protected":false},"author":1,"featured_media":0,"parent":0,"menu_order":0,"comment_status":"closed","ping_status":"closed","template":"","meta":{"_crdt_document":"","footnotes":""},"class_list":["post-287","page","type-page","status-publish","hentry"],"_links":{"self":[{"href":"https:\/\/holly-it.de\/index.php?rest_route=\/wp\/v2\/pages\/287","targetHints":{"allow":["GET"]}}],"collection":[{"href":"https:\/\/holly-it.de\/index.php?rest_route=\/wp\/v2\/pages"}],"about":[{"href":"https:\/\/holly-it.de\/index.php?rest_route=\/wp\/v2\/types\/page"}],"author":[{"embeddable":true,"href":"https:\/\/holly-it.de\/index.php?rest_route=\/wp\/v2\/users\/1"}],"replies":[{"embeddable":true,"href":"https:\/\/holly-it.de\/index.php?rest_route=%2Fwp%2Fv2%2Fcomments&post=287"}],"version-history":[{"count":2,"href":"https:\/\/holly-it.de\/index.php?rest_route=\/wp\/v2\/pages\/287\/revisions"}],"predecessor-version":[{"id":293,"href":"https:\/\/holly-it.de\/index.php?rest_route=\/wp\/v2\/pages\/287\/revisions\/293"}],"wp:attachment":[{"href":"https:\/\/holly-it.de\/index.php?rest_route=%2Fwp%2Fv2%2Fmedia&parent=287"}],"curies":[{"name":"wp","href":"https:\/\/api.w.org\/{rel}","templated":true}]}}